{"id":3,"date":"2020-03-24T18:47:35","date_gmt":"2020-03-24T18:47:35","guid":{"rendered":"https:\/\/repo.epiprev.it\/?page_id=3"},"modified":"2020-03-30T15:47:32","modified_gmt":"2020-03-30T15:47:32","slug":"privacy-policy","status":"publish","type":"page","link":"https:\/\/repo.epiprev.it\/index.php\/privacy-policy\/","title":{"rendered":"Privacy Policy"},"content":{"rendered":"\n<h3 class=\"wp-block-heading\">Informativa sul trattamento confidenziale dei dati<\/h3>\n\n\n\n<p>Questa \u00e8 un\u2019informativa resa ai sensi dell&#8217;&nbsp;art. 13 del d.lgs. n. 196\/2003 &#8211; Codice in materia di protezione dei dati personali&nbsp;a coloro che interagiscono con il sito della rivista &#8221; Epidemiologia &amp; Prevenzione&#8221;, accessibile per via telematica a partire dall\u2019indirizzo: <a href=\"http:\/\/www.epiprev.it\/\">repo.epiprev.it<\/a>.<br>La redazione del sito si impegna a rispettare le condizioni legali di confidenzialit\u00e0 delle informazioni mediche in rispetto delle leggi del paese dove il server e i mirror-sites sono situati.<\/p>\n\n\n\n<h3 class=\"wp-block-heading\">Titolare del trattamento dei dati<\/h3>\n\n\n\n<p>A seguito della consultazione di questo sito possono essere trattati dati relativi a persone identificate o identificabili. Il titolare del loro trattamento \u00e8&nbsp;<a rel=\"noreferrer noopener\" href=\"http:\/\/www.inferenze.it\/\" target=\"_blank\">Inferenze scarl<\/a>&nbsp;, che ha sede in Milano (Italia), via Ricciarelli 29, 20148.<\/p>\n\n\n\n<h3 class=\"wp-block-heading\">Tipologia di dati raccolti<\/h3>\n\n\n\n<p>Questo Sito Web raccoglie, in modo autonomo o tramite terze parti,i seguenti tipi di dati personali: email, nome, cognome, provincia, nazione, CAP, citt\u00e0, cookie, Dati di utilizzo e Dati comunicati durante l&#8217;utilizzo del servizio.<\/p>\n\n\n\n<h3 class=\"wp-block-heading\">Luogo di trattamento dei dati<\/h3>\n\n\n\n<p>I trattamenti connessi ai servizi web di questo sito hanno luogo presso la predetta sede di Inferenze Milano per quanto riguarda i dati utilizzati dall&#8217;Ufficio abbonamenti e a Inferenze Castellanza , via Giusti 4, per quanto riguarda i servizi web (accesso al sito e newsletter) e sono curati solo da personale tecnico dell\u2019Ufficio incaricato del trattamento, oppure da eventuali incaricati di occasionali operazioni di manutenzione.<br>Nessun dato derivante dal servizio web viene comunicato o diffuso.<br>I dati personali forniti dagli utenti che inoltrano richieste di iscrizione alla newsletter, richieste di informazioni o commenti agli articoli del sito sono utilizzati al solo fine di eseguire il servizio o la prestazione richiesta e sono comunicati a terzi nel solo caso in cui ci\u00f2 sia a tal fine necessario.<\/p>\n\n\n\n<h3 class=\"wp-block-heading\">Diritti degli interessati<\/h3>\n\n\n\n<p>In ogni momento l&#8217;utente potr\u00e0 esercitare i Suoi diritti dell\u2019art. 7 del D. Lgs. 196\/03, ivi compreso il diritto di ottenere: la conferma dell&#8217;esistenza di dati personali che lo riguardano e di conoscerne il contenuto e l&#8217; origine, verificarne l&#8217;esattezza o chiederne l&#8217;integrazione o l&#8217;aggiornamento oppure la rettificazione; di chiedere la cancellazione.<\/p>\n\n\n\n<h3 class=\"wp-block-heading\">Cookies<\/h3>\n\n\n\n<p>Definizione di Cookie:&nbsp;<a href=\"http:\/\/it.wikipedia.org\/wiki\/Cookie\">http:\/\/it.wikipedia.org\/wiki\/Cookie<\/a><\/p>\n\n\n\n<p>I cookie sono brevi frammenti di testo (lettere e\/o numeri) che permettono al server web di memorizzare sul client (il browser) informazioni da riutilizzare nel corso della medesima visita al sito (cookie di sessione) o in seguito, anche a distanza di giorni (cookie persistenti).<\/p>\n\n\n\n<p>Visitando un sito web si possono ricevere cookie sia dal sito visitato (\u201cproprietari\u201d), sia da siti gestiti da altre organizzazioni (\u201cterze parti\u201d).<\/p>\n\n\n\n<p>Il presente sito utilizza i cookie. I cookie utilizzati possono essere di vario tipo in base alla finalit\u00e0 e allo scopo di utilizzo.<\/p>\n\n\n\n<h4 class=\"wp-block-heading\"><strong>Cookie tecnici<\/strong><\/h4>\n\n\n\n<p>Questa tipologia di cookie permette il corretto funzionamento di alcune sezioni del sito.<\/p>\n\n\n\n<p>Questi cookie sono necessari al corretto funzionamento del sito. Essi, quindi, sono utilizzati ed inviati, a meno che l\u2019utente non li disattivi con le modalit\u00e0 spiegate pi\u00f9 avanti. In generale, la disattivazione di uno o pi\u00f9 cookie potrebbe pregiudicare il corretto funzionamento di una o pi\u00f9 pagine del sito.<\/p>\n\n\n\n<h4 class=\"wp-block-heading\">Cookie di profilazione<\/h4>\n\n\n\n<p>Sono quei cookie necessari a creare profili utenti al fine di inviare messaggi pubblicitari in linea con le preferenze manifestate dall\u2019utente all\u2019interno delle pagine del sito. Il presente sito non utilizza cookie di tale tipo inviati dal proprio dominio.<\/p>\n\n\n\n<h4 class=\"wp-block-heading\">Cookies di terze parti<\/h4>\n\n\n\n<p>Si riportano qui di seguito gli indirizzi web delle diverse informative e delle modalit\u00e0 per la gestione dei cookie di terze parti:<\/p>\n\n\n\n<ul class=\"wp-block-list\"><li>Facebook informativa:&nbsp;<a href=\"https:\/\/www.facebook.com\/help\/cookies\/\">https:\/\/www.facebook.com\/help\/cookies\/<\/a><\/li><li>Facebook (configurazione): accedere al proprio account. Sezione privacy.<\/li><li>Twitter informative:&nbsp;<a href=\"https:\/\/support.twitter.com\/articles\/20170514\">https:\/\/support.twitter.com\/articles\/20170514<\/a><\/li><li>Twitter (configurazione):&nbsp;<a href=\"https:\/\/twitter.com\/settings\/security\">https:\/\/twitter.com\/settings\/security<\/a><\/li><li>Linkedin informativa:&nbsp;<a href=\"https:\/\/www.linkedin.com\/legal\/cookie-policy\">https:\/\/www.linkedin.com\/legal\/cookie-policy<\/a><\/li><li>Linkedin (configurazione):&nbsp;<a href=\"https:\/\/www.linkedin.com\/settings\/\">https:\/\/www.linkedin.com\/settings\/<\/a><\/li><li>AddThis:&nbsp;<a href=\"http:\/\/www.addthis.com\/privacy\">http:\/\/www.addthis.com\/privacy<\/a><\/li><\/ul>\n\n\n\n<h4 class=\"wp-block-heading\">Google Analytics<\/h4>\n\n\n\n<p>Il sito utilizza Google Analytics, un servizio di analisi del traffico web fornito da Google, Inc. (\u201cGoogle\u201d). Google Analytics utilizza i \u201ccookie\u201d. Per ulteriori informazioni, si rinvia al  <a href=\"https:\/\/policies.google.com\/technologies\/partner-sites?hl=it\">policies.google.com\/technologies\/partner-sites?hl=it<\/a><\/p>\n\n\n\n<p>Per disabilitare l\u2019azione di Google Analytics, si rinvia al link <a href=\"https:\/\/tools.google.com\/dlpage\/gaoptout\">tools.google.com\/dlpage\/gaoptout<\/a> <\/p>\n\n\n\n<h4 class=\"wp-block-heading\">Google Fonts<\/h4>\n\n\n\n<p>Il sito utilizza in alcune parti del sito dei font dal servizio Google Fonts. Per informazioni sui cookie in questione: <a href=\"https:\/\/www.google.it\/intl\/it\/policies\/privacy\/\">www.google.it\/intl\/it\/policies\/privacy<\/a><\/p>\n\n\n\n<h4 class=\"wp-block-heading\">Gestione dei cookie<\/h4>\n\n\n\n<p>L\u2019utente pu\u00f2 decidere se accettare o meno i cookie utilizzando le impostazioni del proprio browser. Ecco i link con le istruzioni per i browser pi\u00f9 comuni:<\/p>\n\n\n\n<ul class=\"wp-block-list\"><li>Chrome:&nbsp;<a href=\"https:\/\/support.google.com\/chrome\/answer\/95647?hl=it\">https:\/\/support.google.com\/chrome\/answer\/95647?hl=it<\/a><\/li><li>Firefox:&nbsp;<a href=\"https:\/\/support.mozilla.org\/it\/kb\/Gestione%20dei%20cookie\">https:\/\/support.mozilla.org\/it\/kb\/Gestione%20dei%20cookie&nbsp;<\/a><\/li><li>Internet Explorer:&nbsp;<a href=\"http:\/\/windows.microsoft.com\/it-it\/windows7\/how-to-manage-cookies-in-internet-explorer-9\">http:\/\/windows.microsoft.com\/it-it\/internet-explorer\/delete-manage-cookies&nbsp;<\/a><\/li><li>Opera:&nbsp;<a href=\"http:\/\/help.opera.com\/Windows\/10.00\/it\/cookies.html\">http:\/\/help.opera.com\/Windows\/10.00\/it\/cookies.html<\/a><\/li><li>Safari:&nbsp;<a href=\"http:\/\/support.apple.com\/kb\/HT1677?viewlocale=it_IT\">http:\/\/support.apple.com\/kb\/HT1677?viewlocale=it_IT<\/a><\/li><\/ul>\n\n\n\n<p>Per ulteriori informazioni sui cookie di soggetti terzi e su come disattivarli, visita il seguente  sito:\u00a0<a href=\"http:\/\/www.youronlinechoices.com\/it\">YourOnlineChoices.eu<\/a>.<br>Ogni browser attraverso il pannello impostazioni permette il controllo sulla gestione dei cookie. Fare riferimento alle relative guide d&#8217;uso per i dettagli del caso.<\/p>\n\n\n\n<h3 class=\"wp-block-heading\">Modifica del consenso<\/h3>\n\n\n\n<p>Puoi revocare il tuo consenso in qualsiasi momento cliccando qui:  <code>[cookies_revoke]<\/code>  <\/p>\n\n\n\n<p> <\/p>\n","protected":false},"excerpt":{"rendered":"<p>Informativa sul trattamento confidenziale dei dati Questa \u00e8 un\u2019informativa resa ai sensi dell&#8217;&nbsp;art. 13 del d.lgs. n. 196\/2003 &#8211; Codice in materia di protezione dei dati personali&nbsp;a coloro che interagiscono con il sito della rivista &#8221; Epidemiologia &amp; Prevenzione&#8221;, accessibile per via telematica a partire dall\u2019indirizzo: repo.epiprev.it.La redazione del sito si impegna a rispettare le condizioni legali di confidenzialit\u00e0 delle informazioni mediche in rispetto delle leggi del paese dove il<\/p>\n","protected":false},"author":1,"featured_media":0,"parent":0,"menu_order":0,"comment_status":"closed","ping_status":"open","template":"","meta":{"footnotes":""},"class_list":["post-3","page","type-page","status-publish","hentry","comments-off"],"yoast_head":"<!-- This site is optimized with the Yoast SEO plugin v27.0 - https:\/\/yoast.com\/product\/yoast-seo-wordpress\/ -->\n<title>Privacy Policy - E&amp;P Repository<\/title>\n<meta name=\"robots\" content=\"index, follow, max-snippet:-1, max-image-preview:large, max-video-preview:-1\" \/>\n<link rel=\"canonical\" href=\"https:\/\/repo.epiprev.it\/index.php\/privacy-policy\/\" \/>\n<meta property=\"og:locale\" content=\"it_IT\" \/>\n<meta property=\"og:type\" content=\"article\" \/>\n<meta property=\"og:title\" content=\"Privacy Policy - E&amp;P Repository\" \/>\n<meta property=\"og:description\" content=\"Informativa sul trattamento confidenziale dei dati Questa \u00e8 un\u2019informativa resa ai sensi dell&#8217;&nbsp;art. 13 del d.lgs. n. 196\/2003 &#8211; Codice in materia di protezione dei dati personali&nbsp;a coloro che interagiscono con il sito della rivista &#8221; Epidemiologia &amp; Prevenzione&#8221;, accessibile per via telematica a partire dall\u2019indirizzo: repo.epiprev.it.La redazione del sito si impegna a rispettare le condizioni legali di confidenzialit\u00e0 delle informazioni mediche in rispetto delle leggi del paese dove il\" \/>\n<meta property=\"og:url\" content=\"https:\/\/repo.epiprev.it\/index.php\/privacy-policy\/\" \/>\n<meta property=\"og:site_name\" content=\"E&amp;P Repository\" \/>\n<meta property=\"article:publisher\" content=\"https:\/\/www.facebook.com\/epiprev\/\" \/>\n<meta property=\"article:modified_time\" content=\"2020-03-30T15:47:32+00:00\" \/>\n<meta name=\"twitter:card\" content=\"summary_large_image\" \/>\n<meta name=\"twitter:label1\" content=\"Tempo di lettura stimato\" \/>\n\t<meta name=\"twitter:data1\" content=\"4 minuti\" \/>\n<script type=\"application\/ld+json\" class=\"yoast-schema-graph\">{\"@context\":\"https:\/\/schema.org\",\"@graph\":[{\"@type\":\"WebPage\",\"@id\":\"https:\/\/repo.epiprev.it\/index.php\/privacy-policy\/\",\"url\":\"https:\/\/repo.epiprev.it\/index.php\/privacy-policy\/\",\"name\":\"Privacy Policy - E&amp;P Repository\",\"isPartOf\":{\"@id\":\"https:\/\/repo.epiprev.it\/#website\"},\"datePublished\":\"2020-03-24T18:47:35+00:00\",\"dateModified\":\"2020-03-30T15:47:32+00:00\",\"breadcrumb\":{\"@id\":\"https:\/\/repo.epiprev.it\/index.php\/privacy-policy\/#breadcrumb\"},\"inLanguage\":\"it-IT\",\"potentialAction\":[{\"@type\":\"ReadAction\",\"target\":[\"https:\/\/repo.epiprev.it\/index.php\/privacy-policy\/\"]}]},{\"@type\":\"BreadcrumbList\",\"@id\":\"https:\/\/repo.epiprev.it\/index.php\/privacy-policy\/#breadcrumb\",\"itemListElement\":[{\"@type\":\"ListItem\",\"position\":1,\"name\":\"Home\",\"item\":\"https:\/\/repo.epiprev.it\/\"},{\"@type\":\"ListItem\",\"position\":2,\"name\":\"Privacy Policy\"}]},{\"@type\":\"WebSite\",\"@id\":\"https:\/\/repo.epiprev.it\/#website\",\"url\":\"https:\/\/repo.epiprev.it\/\",\"name\":\"E&amp;P Repository\",\"description\":\"- RIVISTA DELL&#039;ASSOCIAZIONE ITALIANA DI EPIDEMIOLOGIA\",\"publisher\":{\"@id\":\"https:\/\/repo.epiprev.it\/#organization\"},\"potentialAction\":[{\"@type\":\"SearchAction\",\"target\":{\"@type\":\"EntryPoint\",\"urlTemplate\":\"https:\/\/repo.epiprev.it\/?s={search_term_string}\"},\"query-input\":{\"@type\":\"PropertyValueSpecification\",\"valueRequired\":true,\"valueName\":\"search_term_string\"}}],\"inLanguage\":\"it-IT\"},{\"@type\":\"Organization\",\"@id\":\"https:\/\/repo.epiprev.it\/#organization\",\"name\":\"Rivista Epiprev\",\"url\":\"https:\/\/repo.epiprev.it\/\",\"logo\":{\"@type\":\"ImageObject\",\"inLanguage\":\"it-IT\",\"@id\":\"https:\/\/repo.epiprev.it\/#\/schema\/logo\/image\/\",\"url\":\"\",\"contentUrl\":\"\",\"caption\":\"Rivista Epiprev\"},\"image\":{\"@id\":\"https:\/\/repo.epiprev.it\/#\/schema\/logo\/image\/\"},\"sameAs\":[\"https:\/\/www.facebook.com\/epiprev\/\"]}]}<\/script>\n<!-- \/ Yoast SEO plugin. -->","yoast_head_json":{"title":"Privacy Policy - E&amp;P Repository","robots":{"index":"index","follow":"follow","max-snippet":"max-snippet:-1","max-image-preview":"max-image-preview:large","max-video-preview":"max-video-preview:-1"},"canonical":"https:\/\/repo.epiprev.it\/index.php\/privacy-policy\/","og_locale":"it_IT","og_type":"article","og_title":"Privacy Policy - E&amp;P Repository","og_description":"Informativa sul trattamento confidenziale dei dati Questa \u00e8 un\u2019informativa resa ai sensi dell&#8217;&nbsp;art. 13 del d.lgs. n. 196\/2003 &#8211; Codice in materia di protezione dei dati personali&nbsp;a coloro che interagiscono con il sito della rivista &#8221; Epidemiologia &amp; Prevenzione&#8221;, accessibile per via telematica a partire dall\u2019indirizzo: repo.epiprev.it.La redazione del sito si impegna a rispettare le condizioni legali di confidenzialit\u00e0 delle informazioni mediche in rispetto delle leggi del paese dove il","og_url":"https:\/\/repo.epiprev.it\/index.php\/privacy-policy\/","og_site_name":"E&amp;P Repository","article_publisher":"https:\/\/www.facebook.com\/epiprev\/","article_modified_time":"2020-03-30T15:47:32+00:00","twitter_card":"summary_large_image","twitter_misc":{"Tempo di lettura stimato":"4 minuti"},"schema":{"@context":"https:\/\/schema.org","@graph":[{"@type":"WebPage","@id":"https:\/\/repo.epiprev.it\/index.php\/privacy-policy\/","url":"https:\/\/repo.epiprev.it\/index.php\/privacy-policy\/","name":"Privacy Policy - E&amp;P Repository","isPartOf":{"@id":"https:\/\/repo.epiprev.it\/#website"},"datePublished":"2020-03-24T18:47:35+00:00","dateModified":"2020-03-30T15:47:32+00:00","breadcrumb":{"@id":"https:\/\/repo.epiprev.it\/index.php\/privacy-policy\/#breadcrumb"},"inLanguage":"it-IT","potentialAction":[{"@type":"ReadAction","target":["https:\/\/repo.epiprev.it\/index.php\/privacy-policy\/"]}]},{"@type":"BreadcrumbList","@id":"https:\/\/repo.epiprev.it\/index.php\/privacy-policy\/#breadcrumb","itemListElement":[{"@type":"ListItem","position":1,"name":"Home","item":"https:\/\/repo.epiprev.it\/"},{"@type":"ListItem","position":2,"name":"Privacy Policy"}]},{"@type":"WebSite","@id":"https:\/\/repo.epiprev.it\/#website","url":"https:\/\/repo.epiprev.it\/","name":"E&amp;P Repository","description":"- RIVISTA DELL&#039;ASSOCIAZIONE ITALIANA DI EPIDEMIOLOGIA","publisher":{"@id":"https:\/\/repo.epiprev.it\/#organization"},"potentialAction":[{"@type":"SearchAction","target":{"@type":"EntryPoint","urlTemplate":"https:\/\/repo.epiprev.it\/?s={search_term_string}"},"query-input":{"@type":"PropertyValueSpecification","valueRequired":true,"valueName":"search_term_string"}}],"inLanguage":"it-IT"},{"@type":"Organization","@id":"https:\/\/repo.epiprev.it\/#organization","name":"Rivista Epiprev","url":"https:\/\/repo.epiprev.it\/","logo":{"@type":"ImageObject","inLanguage":"it-IT","@id":"https:\/\/repo.epiprev.it\/#\/schema\/logo\/image\/","url":"","contentUrl":"","caption":"Rivista Epiprev"},"image":{"@id":"https:\/\/repo.epiprev.it\/#\/schema\/logo\/image\/"},"sameAs":["https:\/\/www.facebook.com\/epiprev\/"]}]}},"_links":{"self":[{"href":"https:\/\/repo.epiprev.it\/index.php\/wp-json\/wp\/v2\/pages\/3","targetHints":{"allow":["GET"]}}],"collection":[{"href":"https:\/\/repo.epiprev.it\/index.php\/wp-json\/wp\/v2\/pages"}],"about":[{"href":"https:\/\/repo.epiprev.it\/index.php\/wp-json\/wp\/v2\/types\/page"}],"author":[{"embeddable":true,"href":"https:\/\/repo.epiprev.it\/index.php\/wp-json\/wp\/v2\/users\/1"}],"replies":[{"embeddable":true,"href":"https:\/\/repo.epiprev.it\/index.php\/wp-json\/wp\/v2\/comments?post=3"}],"version-history":[{"count":4,"href":"https:\/\/repo.epiprev.it\/index.php\/wp-json\/wp\/v2\/pages\/3\/revisions"}],"predecessor-version":[{"id":419,"href":"https:\/\/repo.epiprev.it\/index.php\/wp-json\/wp\/v2\/pages\/3\/revisions\/419"}],"wp:attachment":[{"href":"https:\/\/repo.epiprev.it\/index.php\/wp-json\/wp\/v2\/media?parent=3"}],"curies":[{"name":"wp","href":"https:\/\/api.w.org\/{rel}","templated":true}]}}