{"id":58,"date":"2020-03-25T09:31:02","date_gmt":"2020-03-25T09:31:02","guid":{"rendered":"https:\/\/repo.epiprev.it\/?page_id=58"},"modified":"2020-04-23T08:49:40","modified_gmt":"2020-04-23T08:49:40","slug":"linee-guida","status":"publish","type":"page","link":"https:\/\/repo.epiprev.it\/index.php\/linee-guida\/","title":{"rendered":"Repository"},"content":{"rendered":"\n<p>Per favorire la circolazione e la condivisione dei risultati della ricerca scientifica riguardanti l\u2019epidemia di COVID-19 attualmente in corso Epidemiologia &amp; Prevenzione ha creato <span style=\"color: #ff0000;\">E&amp;P Repository<\/span>, una piattaforma gratuita per la raccolta, l\u2019archiviazione e la distribuzione di manoscritti scientifici non ancora pubblicati (pre-print). Ci\u00f2 permetter\u00e0 di conoscere i contenuti dei lavori in corso senza attendere i tempi lunghi delle pubblicazioni scientifiche.<\/p>\n\n\n\n<p><strong>I MANOSCRITTI NON SONO SOTTOPOSTI A REVISIONE TRA PARI <\/strong>(peer review), pertanto i risultati non devono essere riportati dai media come informazioni consolidate, n\u00e9 essere utilizzati per guidare la pratica clinica o indirizzare comportamenti.<\/p>\n\n\n\n<p><span style=\"color: #ff0000;\">E&amp;P Repository<\/span> \u00e8 un forum al servizio della comunit\u00e0 scientifica, i testi non vengono revisionati, n\u00e9 editati o impaginati, la responsabilit\u00e0 dei contenuti \u00e8 in capo agli autori che depositano i manoscritti. Tutti i documenti sono resi pubblici in formato OPEN, gratuito e rispettoso della propriet\u00e0 intellettuale degli autori.<br><br><\/p>\n\n\n\n<p>In <span style=\"color: #ff0000;\">E&amp;P Repository<\/span> \u00e8 possibile depositare:<\/p>\n\n\n\n<ol class=\"wp-block-list\" type=\"1\"><li><strong>Protocolli<\/strong> di studi di popolazione, di sistemi informativi ad hoc, di studi di interesse ospedaliero e relativo alla medicina di base;<\/li><li>Lavori di carattere <strong>metodologico<\/strong> su studi di popolazione, metodi di previsione, valutazione della efficacia delle misure adottate;<\/li><li><strong>Rapporti sintetici<\/strong> sullo stato della epidemia in un definito ambito territoriale che presenti aspetti innovativi per quanto riguarda la metodologia, la popolazione studiata, i risultati osservati, la comunicazione del rischio;<\/li><li><strong>Revisioni sistematiche <\/strong>su aspetti specifici della letteratura relativa al Covid-19;<\/li><li><strong>Articoli scientifici (anche in progress) <\/strong>con osservazioni epidemiologiche sulla dinamica della infezione, sulla gravit\u00e0 della patologia, sulla suscettibilit\u00e0 individuale, sulle misure di controllo e di mitigazione, prevenzione e controllo della infezione con particolare riguardo alla popolazione a rischio.<\/li><\/ol>\n\n\n\n<p>In<span style=\"color: #ff0000;\"> E&amp;P Repository<\/span> NON \u00e8 possibile depositare:<\/p>\n\n\n\n<ol class=\"wp-block-list\"><li>Editoriali, lettere, opinioni e ipotesi prive di dati;<\/li><li>Protocolli incompleti, ricette di laboratorio;<\/li><li>Tesi, estratti di libri di testo o singoli componenti di articoli di ricerca come figure, tabelle e set di dati;<\/li><\/ol>\n\n\n\n<p>Un manoscritto pu\u00f2 essere inviato <strong>prima o contemporaneamente<\/strong> alla sottomissione a una rivista scientifica, ma non verr\u00e0 accolto se \u00e8 gi\u00e0 stato accettato per la pubblicazione in una rivista o pubblicato altrove.<\/p>\n\n\n\n<p>Gli autori che desiderano depositare i manoscritti <strong>devono prima<\/strong> <strong>registrarsi<\/strong> sul sito (per registrarsi <a href=\"https:\/\/repo.epiprev.it\/wp-login.php?action=register\">clicca qui<\/a>).<\/p>\n\n\n\n<p><strong>Non \u00e8 previsto alcun addebito<\/strong> per la registrazione o per depositare i manoscritti.<\/p>\n\n\n\n<p>Questa iniziativa editoriale di E&amp;P \u00e8 frutto di lavoro volontario, <strong>non \u00e8 sostenuta da finanziamenti di alcun tipo<\/strong>.<\/p>\n\n\n\n<p>Tutti i manoscritti caricati su <span style=\"color: #ff0000;\">E&amp;P Repository<\/span> sono sottoposti dalla Direzione di E&amp;P a un <strong>processo di screening iniziale<\/strong> per evitare la pubblicazione di contenuti offensivi e\/o non scientifici e di materiali che potrebbero comportare rischi per la salute pubblica. E&amp;P si riserva il diritto di rifiutare di pubblicare qualsiasi manoscritto.<\/p>\n\n\n\n<p> Gli autori devono dichiarare la presenza di eventuali <strong>conflitti di interesse<\/strong>. <\/p>\n\n\n\n<p>Gli autori devono fornire una dichiarazione relativa ai <strong>finanziamenti ricevuti<\/strong> per la conduzione degli studi.<\/p>\n\n\n\n<p>Gli autori devono dichiarare che sono state seguite le linee guida etiche pertinenti e sono state ottenute tutte <strong>le necessarie autorizzazioni da parte di comitati etici<\/strong> ed \u00e8 stato ottenuto il necessario consenso dei pazienti\/partecipanti.<\/p>\n\n\n\n<p>Agli articoli viene attribuito un <strong>codice di riconoscimento<\/strong> univoco che potr\u00e0 essere usato per la citazione del manoscritto. Gli articoli depositati <strong>non possono essere ritirati<\/strong>, ma se ne possono depositare versioni aggiornate. <\/p>\n\n\n\n<p>I testi vengono resi visibili <strong>nell&#8217;ordine in cui sono stati approvati<\/strong> per la pubblicazione e sono consultabili tramite l&#8217;interfaccia web.<\/p>\n\n\n\n<p><strong>Il manoscritti devono essere inviati in formato PDF.<\/strong> Il modo pi\u00f9 semplice per depositare un manoscritto sul repository \u00e8 caricare un singolo file PDF includendo il testo e le figure \/ tabelle. Tutti i manoscritti devono includere il titolo, i nomi e le affiliazioni degli autori e un abstract (vd. <a href=\"\/index.php\/invia-un-contributo\/\">modulo per invio dei manoscritti<\/a>). Gli eventuali dati supplementari devono essere presentati in uno o pi\u00f9 file separati.<\/p>\n","protected":false},"excerpt":{"rendered":"<p>Per favorire la circolazione e la condivisione dei risultati della ricerca scientifica riguardanti l\u2019epidemia di COVID-19 attualmente in corso Epidemiologia &amp; Prevenzione ha creato E&amp;P Repository, una piattaforma gratuita per la raccolta, l\u2019archiviazione e la distribuzione di manoscritti scientifici non ancora pubblicati (pre-print). Ci\u00f2 permetter\u00e0 di conoscere i contenuti dei lavori in corso senza attendere i tempi lunghi delle pubblicazioni scientifiche. I MANOSCRITTI NON SONO SOTTOPOSTI A REVISIONE TRA PARI<\/p>\n","protected":false},"author":1,"featured_media":0,"parent":0,"menu_order":0,"comment_status":"closed","ping_status":"closed","template":"","meta":{"footnotes":""},"class_list":["post-58","page","type-page","status-publish","hentry","comments-off"],"yoast_head":"<!-- This site is optimized with the Yoast SEO plugin v27.0 - https:\/\/yoast.com\/product\/yoast-seo-wordpress\/ -->\n<title>Repository - E&amp;P Repository<\/title>\n<meta name=\"robots\" content=\"index, follow, max-snippet:-1, max-image-preview:large, max-video-preview:-1\" \/>\n<link rel=\"canonical\" href=\"https:\/\/repo.epiprev.it\/index.php\/linee-guida\/\" \/>\n<meta property=\"og:locale\" content=\"it_IT\" \/>\n<meta property=\"og:type\" content=\"article\" \/>\n<meta property=\"og:title\" content=\"Repository - E&amp;P Repository\" \/>\n<meta property=\"og:description\" content=\"Per favorire la circolazione e la condivisione dei risultati della ricerca scientifica riguardanti l\u2019epidemia di COVID-19 attualmente in corso Epidemiologia &amp; Prevenzione ha creato E&amp;P Repository, una piattaforma gratuita per la raccolta, l\u2019archiviazione e la distribuzione di manoscritti scientifici non ancora pubblicati (pre-print). Ci\u00f2 permetter\u00e0 di conoscere i contenuti dei lavori in corso senza attendere i tempi lunghi delle pubblicazioni scientifiche. I MANOSCRITTI NON SONO SOTTOPOSTI A REVISIONE TRA PARI\" \/>\n<meta property=\"og:url\" content=\"https:\/\/repo.epiprev.it\/index.php\/linee-guida\/\" \/>\n<meta property=\"og:site_name\" content=\"E&amp;P Repository\" \/>\n<meta property=\"article:publisher\" content=\"https:\/\/www.facebook.com\/epiprev\/\" \/>\n<meta property=\"article:modified_time\" content=\"2020-04-23T08:49:40+00:00\" \/>\n<meta name=\"twitter:card\" content=\"summary_large_image\" \/>\n<meta name=\"twitter:label1\" content=\"Tempo di lettura stimato\" \/>\n\t<meta name=\"twitter:data1\" content=\"3 minuti\" \/>\n<script type=\"application\/ld+json\" class=\"yoast-schema-graph\">{\"@context\":\"https:\/\/schema.org\",\"@graph\":[{\"@type\":\"WebPage\",\"@id\":\"https:\/\/repo.epiprev.it\/index.php\/linee-guida\/\",\"url\":\"https:\/\/repo.epiprev.it\/index.php\/linee-guida\/\",\"name\":\"Repository - E&amp;P Repository\",\"isPartOf\":{\"@id\":\"https:\/\/repo.epiprev.it\/#website\"},\"datePublished\":\"2020-03-25T09:31:02+00:00\",\"dateModified\":\"2020-04-23T08:49:40+00:00\",\"breadcrumb\":{\"@id\":\"https:\/\/repo.epiprev.it\/index.php\/linee-guida\/#breadcrumb\"},\"inLanguage\":\"it-IT\",\"potentialAction\":[{\"@type\":\"ReadAction\",\"target\":[\"https:\/\/repo.epiprev.it\/index.php\/linee-guida\/\"]}]},{\"@type\":\"BreadcrumbList\",\"@id\":\"https:\/\/repo.epiprev.it\/index.php\/linee-guida\/#breadcrumb\",\"itemListElement\":[{\"@type\":\"ListItem\",\"position\":1,\"name\":\"Home\",\"item\":\"https:\/\/repo.epiprev.it\/\"},{\"@type\":\"ListItem\",\"position\":2,\"name\":\"Repository\"}]},{\"@type\":\"WebSite\",\"@id\":\"https:\/\/repo.epiprev.it\/#website\",\"url\":\"https:\/\/repo.epiprev.it\/\",\"name\":\"E&amp;P Repository\",\"description\":\"- RIVISTA DELL&#039;ASSOCIAZIONE ITALIANA DI EPIDEMIOLOGIA\",\"publisher\":{\"@id\":\"https:\/\/repo.epiprev.it\/#organization\"},\"potentialAction\":[{\"@type\":\"SearchAction\",\"target\":{\"@type\":\"EntryPoint\",\"urlTemplate\":\"https:\/\/repo.epiprev.it\/?s={search_term_string}\"},\"query-input\":{\"@type\":\"PropertyValueSpecification\",\"valueRequired\":true,\"valueName\":\"search_term_string\"}}],\"inLanguage\":\"it-IT\"},{\"@type\":\"Organization\",\"@id\":\"https:\/\/repo.epiprev.it\/#organization\",\"name\":\"Rivista Epiprev\",\"url\":\"https:\/\/repo.epiprev.it\/\",\"logo\":{\"@type\":\"ImageObject\",\"inLanguage\":\"it-IT\",\"@id\":\"https:\/\/repo.epiprev.it\/#\/schema\/logo\/image\/\",\"url\":\"\",\"contentUrl\":\"\",\"caption\":\"Rivista Epiprev\"},\"image\":{\"@id\":\"https:\/\/repo.epiprev.it\/#\/schema\/logo\/image\/\"},\"sameAs\":[\"https:\/\/www.facebook.com\/epiprev\/\"]}]}<\/script>\n<!-- \/ Yoast SEO plugin. -->","yoast_head_json":{"title":"Repository - E&amp;P Repository","robots":{"index":"index","follow":"follow","max-snippet":"max-snippet:-1","max-image-preview":"max-image-preview:large","max-video-preview":"max-video-preview:-1"},"canonical":"https:\/\/repo.epiprev.it\/index.php\/linee-guida\/","og_locale":"it_IT","og_type":"article","og_title":"Repository - E&amp;P Repository","og_description":"Per favorire la circolazione e la condivisione dei risultati della ricerca scientifica riguardanti l\u2019epidemia di COVID-19 attualmente in corso Epidemiologia &amp; Prevenzione ha creato E&amp;P Repository, una piattaforma gratuita per la raccolta, l\u2019archiviazione e la distribuzione di manoscritti scientifici non ancora pubblicati (pre-print). Ci\u00f2 permetter\u00e0 di conoscere i contenuti dei lavori in corso senza attendere i tempi lunghi delle pubblicazioni scientifiche. I MANOSCRITTI NON SONO SOTTOPOSTI A REVISIONE TRA PARI","og_url":"https:\/\/repo.epiprev.it\/index.php\/linee-guida\/","og_site_name":"E&amp;P Repository","article_publisher":"https:\/\/www.facebook.com\/epiprev\/","article_modified_time":"2020-04-23T08:49:40+00:00","twitter_card":"summary_large_image","twitter_misc":{"Tempo di lettura stimato":"3 minuti"},"schema":{"@context":"https:\/\/schema.org","@graph":[{"@type":"WebPage","@id":"https:\/\/repo.epiprev.it\/index.php\/linee-guida\/","url":"https:\/\/repo.epiprev.it\/index.php\/linee-guida\/","name":"Repository - E&amp;P Repository","isPartOf":{"@id":"https:\/\/repo.epiprev.it\/#website"},"datePublished":"2020-03-25T09:31:02+00:00","dateModified":"2020-04-23T08:49:40+00:00","breadcrumb":{"@id":"https:\/\/repo.epiprev.it\/index.php\/linee-guida\/#breadcrumb"},"inLanguage":"it-IT","potentialAction":[{"@type":"ReadAction","target":["https:\/\/repo.epiprev.it\/index.php\/linee-guida\/"]}]},{"@type":"BreadcrumbList","@id":"https:\/\/repo.epiprev.it\/index.php\/linee-guida\/#breadcrumb","itemListElement":[{"@type":"ListItem","position":1,"name":"Home","item":"https:\/\/repo.epiprev.it\/"},{"@type":"ListItem","position":2,"name":"Repository"}]},{"@type":"WebSite","@id":"https:\/\/repo.epiprev.it\/#website","url":"https:\/\/repo.epiprev.it\/","name":"E&amp;P Repository","description":"- RIVISTA DELL&#039;ASSOCIAZIONE ITALIANA DI EPIDEMIOLOGIA","publisher":{"@id":"https:\/\/repo.epiprev.it\/#organization"},"potentialAction":[{"@type":"SearchAction","target":{"@type":"EntryPoint","urlTemplate":"https:\/\/repo.epiprev.it\/?s={search_term_string}"},"query-input":{"@type":"PropertyValueSpecification","valueRequired":true,"valueName":"search_term_string"}}],"inLanguage":"it-IT"},{"@type":"Organization","@id":"https:\/\/repo.epiprev.it\/#organization","name":"Rivista Epiprev","url":"https:\/\/repo.epiprev.it\/","logo":{"@type":"ImageObject","inLanguage":"it-IT","@id":"https:\/\/repo.epiprev.it\/#\/schema\/logo\/image\/","url":"","contentUrl":"","caption":"Rivista Epiprev"},"image":{"@id":"https:\/\/repo.epiprev.it\/#\/schema\/logo\/image\/"},"sameAs":["https:\/\/www.facebook.com\/epiprev\/"]}]}},"_links":{"self":[{"href":"https:\/\/repo.epiprev.it\/index.php\/wp-json\/wp\/v2\/pages\/58","targetHints":{"allow":["GET"]}}],"collection":[{"href":"https:\/\/repo.epiprev.it\/index.php\/wp-json\/wp\/v2\/pages"}],"about":[{"href":"https:\/\/repo.epiprev.it\/index.php\/wp-json\/wp\/v2\/types\/page"}],"author":[{"embeddable":true,"href":"https:\/\/repo.epiprev.it\/index.php\/wp-json\/wp\/v2\/users\/1"}],"replies":[{"embeddable":true,"href":"https:\/\/repo.epiprev.it\/index.php\/wp-json\/wp\/v2\/comments?post=58"}],"version-history":[{"count":20,"href":"https:\/\/repo.epiprev.it\/index.php\/wp-json\/wp\/v2\/pages\/58\/revisions"}],"predecessor-version":[{"id":1321,"href":"https:\/\/repo.epiprev.it\/index.php\/wp-json\/wp\/v2\/pages\/58\/revisions\/1321"}],"wp:attachment":[{"href":"https:\/\/repo.epiprev.it\/index.php\/wp-json\/wp\/v2\/media?parent=58"}],"curies":[{"name":"wp","href":"https:\/\/api.w.org\/{rel}","templated":true}]}}