{"id":630,"date":"2020-04-02T08:24:12","date_gmt":"2020-04-02T08:24:12","guid":{"rendered":"https:\/\/repo.epiprev.it\/?page_id=630"},"modified":"2020-06-21T15:20:08","modified_gmt":"2020-06-21T15:20:08","slug":"faq","status":"publish","type":"page","link":"https:\/\/repo.epiprev.it\/index.php\/faq\/","title":{"rendered":"FAQ"},"content":{"rendered":"\n<p><strong>I manoscritti presenti<\/strong> <strong>nel Repository di E&amp;P sono stati sottoposti a peer review?<\/strong><\/p>\n\n\n\n<p>I manoscritti inviati al Repository non sono stati sottoposti a revisioni tra pari (peer review), non sono stati editati o impaginati prima di essere pubblicati online.<\/p>\n\n\n\n<p><\/p>\n\n\n\n<p><strong>Gli invii al Repository di E&amp;P vengono vagliati prima della pubblicazione?<\/strong><\/p>\n\n\n\n<p>Tutti i manoscritti vengono sottoposti a screening per evitare casi di plagio, contenuto non scientifico, tipi di articoli inappropriati e materiale che potrebbe potenzialmente mettere in pericolo la salute dei singoli pazienti o del pubblico. Quest&#8217;ultimo pu\u00f2 includere, a titolo esemplificativo, studi che descrivono ricerche e lavori che potrebbero compromettere misure di salute pubblica consolidate.<br><\/p>\n\n\n\n<p><strong>\u00c8 previsto un addebito per l&#8217;invio di manoscritti al Repository <strong> di E&amp;P<\/strong>?<\/strong><\/p>\n\n\n\n<p>Non ci sono costi per inviare manoscritti al Repository di E&amp;P<br><\/p>\n\n\n\n<p><strong>Chi gestisce il Repository di <strong>E&amp;P<\/strong>?<\/strong><\/p>\n\n\n\n<p>E&amp;P Repository \u00e8 un progetto collaborativo gestito dalla direzione scientifica della rivista Epidemiologia &amp; Prevenzione e dall\u2019editore Inferenze.scarl.<br><\/p>\n\n\n\n<p><strong>Quanto tempo impiega un pre-print ad apparire su E&amp;P Repository?<\/strong><\/p>\n\n\n\n<p>La pubblicazione dell&#8217;articolo pu\u00f2 avvenire entro 2-4 giorni, tuttavia, potrebbe richiedere pi\u00f9 tempo durante un fine settimana o una vacanza o se vi sono dubbi sul fatto che il documento rientri nelle categorie di testi ammessi.<br><\/p>\n\n\n\n<p><strong>Che impact factor ha E&amp;P Repository?<\/strong><\/p>\n\n\n\n<p>E&amp;P Repository non \u00e8 una rivista scientifica, quindi non ha alcun Impact Factor.<br><\/p>\n\n\n\n<p><strong>Quali riviste consentono il deposito di pre-print prima della sottomissione per pubblicazione?<\/strong><\/p>\n\n\n\n<p>Molte riviste permettono il deposito di manoscritti su server di pre-print prima dell&#8217;invio. Gli elenchi delle politiche delle riviste sono disponibili su <a rel=\"noreferrer noopener\" href=\"http:\/\/en.wikipedia.org\/wiki\/List_of_academic_journals_by_preprint_policy\" target=\"_blank\">Wikipedia <\/a>e <a rel=\"noreferrer noopener\" href=\"http:\/\/www.sherpa.ac.uk\/romeo\/journalbrowse.php?la=en&amp;fIDnum=|&amp;mode=simple\" target=\"_blank\">SHERPA \/ RoMEO<\/a>. Gli autori devono consultare questi elenchi, i singoli siti Web di riviste e altre fonti di informazioni prima di pubblicare su E&amp;P Repository e in caso di dubbi contattare la rivista alla quale intendono sottomettere il loro articolo.<\/p>\n\n\n\n<p><strong>Quali tipi di contenuti possono essere pubblicati su E&amp;P Repository?<\/strong><\/p>\n\n\n\n<p>In E&amp;P Repository <strong>\u00e8 possibile<\/strong> depositare: <\/p>\n\n\n\n<ul class=\"wp-block-list\"><li>protocolli di studi di popolazione, di sistemi informativi ad hoc, di studi di interesse ospedaliero e relativo alla medicina di base; <\/li><li>lavori di carattere metodologico su studi di popolazione, metodi di previsione, valutazione della efficacia delle misure adottate; <\/li><li>rapporti sintetici sullo stato della epidemia in un definito ambito territoriale che presenti aspetti innovativi per quanto riguarda la metodologia, la popolazione studiata, i risultati osservati, la comunicazione del rischio; <\/li><li>revisioni sistematiche su aspetti specifici della letteratura relativa al Covid-19; <\/li><li>articoli scientifici (anche in progress) con osservazioni epidemiologiche sulla dinamica della infezione, sulla gravit\u00e0 della patologia, sulla suscettibilit\u00e0 individuale, sulle misure di controllo e di mitigazione, prevenzione e controllo della infezione con particolare riguardo alla popolazione a rischio. <\/li><\/ul>\n\n\n\n<p>In E&amp;P Repository <strong>NON \u00e8 possibile<\/strong> depositare:<\/p>\n\n\n\n<ul class=\"wp-block-list\"><li>editoriali, lettere, opinioni e ipotesi prive di dati; <\/li><li>Protocolli incompleti, ricette di laboratorio;<\/li><li>Tesi, estratti di libri di testo o singoli componenti di articoli di ricerca come figure, tabelle e set di dati.<\/li><\/ul>\n\n\n\n<p><strong>Posso pubblicare una sperimentazione clinica o qualsiasi altro studio interventistico su E&amp;P Repository?<\/strong><\/p>\n\n\n\n<p>I risultati delle sperimentazioni cliniche e qualsiasi altro studio interventistico prospettico possono essere pubblicati su E&amp;P Repository a condizione che siano nella forma di un documento scientifico tradizionale, includano <strong>un ID riconosciuto da un registro<\/strong> come clinictrials.gov e abbiano ottenuto l&#8217;approvazione dell&#8217;organismo di controllo appropriato (ad es, Comitato etico). <br>E&amp;P Repository richiede la <strong>registrazione <\/strong>di tutti gli studi interventistici prospettici sui pazienti o sulla cura dei pazienti; se la registrazione non \u00e8 stata eseguita al momento della presentazione, chiediamo a tutti gli autori di registrare retrospettivamente il loro studio e spiegare che la registrazione \u00e8 stata eseguita dopo il completamento dello studio nell&#8217;articolo.<\/p>\n\n\n\n<p><strong>Posso pubblicare una review su E&amp;P Repository?<\/strong><\/p>\n\n\n\n<p>E&amp;P Repository \u00e8 destinato alla rapida condivisione di nuove ricerche. Meta-analisi e revisioni sistematiche che rappresentano nuove analisi di dati aggregati possono quindi essere ritenute appropriate. Al contrario, le review narrative che riassumono principalmente le conoscenze esistenti non sono appropriate. N\u00e9 lo sono articoli di ipotesi \/ opinione, tesine, estratti di libri di testo, tesi o tesi di laurea.<\/p>\n\n\n\n<p><strong>Posso pubblicare metodi o protocolli su E&amp;P Repository?<\/strong><\/p>\n\n\n\n<p>S\u00ec, \u00e8 possibile depositare articoli metodologici o protocolli di studi.<\/p>\n\n\n\n<p><strong>Posso pubblicare case report su E&amp;P Repository?<\/strong><\/p>\n\n\n\n<p>S\u00ec, \u00e8 possibile depositare case report su E&amp;P Repository.<\/p>\n\n\n\n<p><strong>Si possono pubblicare manoscritti solo in inglese?<\/strong><\/p>\n\n\n\n<p>No, su E&amp;P Repository \u00e8 possibile pubblicare in inglese oppure in italiano.<\/p>\n\n\n\n<p><strong>Chi detiene il copyright dei pre-print di E&amp;P Repository?<\/strong><\/p>\n\n\n\n<p>Gli autori mantengono il copyright dei loro manoscritti e possono scegliere tra una serie di opzioni di distribuzione \/ riuso.<\/p>\n\n\n\n<p><strong>Quali sono i termini di distribuzione?<\/strong><\/p>\n\n\n\n<p>Il copyright rimane dell&#8217;autore, a cui viene chiesto di scegliere tra diverse opzioni di distribuzione \/ riutilizzo in base alle quali rendere disponibile il manoscritto (<a rel=\"noreferrer noopener\" style=\"color: #000; padding-left: 39px;\" href=\"https:\/\/creativecommons.org\/licenses\/by\/4.0\/deed.it\" target=\"_blank\">CC BY<\/a>, <a rel=\"noreferrer noopener\" style=\"color: #000; padding-left: 59px;\" href=\"https:\/\/creativecommons.org\/licenses\/by-nc\/4.0\/deed.it\" target=\"_blank\">CC BY-NC<\/a>, <a rel=\"noreferrer noopener\" style=\"color: #000; padding-left: 59px;\" href=\"https:\/\/creativecommons.org\/licenses\/by-nd\/4.0\/deed.it\" target=\"_blank\">CC BY-ND<\/a>, <a rel=\"noreferrer noopener\" style=\"color: #000; padding-left: 79px;\" href=\"https:\/\/creativecommons.org\/licenses\/by-nc-nd\/4.0\/deed.it\" target=\"_blank\">CC BY-NC-ND<\/a>, <a rel=\"noreferrer noopener\" style=\"color: #000; padding-left: 20px;\" href=\"https:\/\/creativecommons.org\/share-your-work\/public-domain\/cc0\" target=\"_blank\">CC0<\/a> o No riutilizzo). Pubblicando su E&amp;P Repository , gli autori acconsentono il dataminig del loro lavoro (ad es. da motori di ricerca o ricercatori).<\/p>\n\n\n\n<p><strong>I contenuti depositati su E&amp;P Repository possono essere riutilizzati da tutti?<\/strong><\/p>\n\n\n\n<p>I termini di licenza selezionati dall&#8217;autore determinano i termini per il riutilizzo dei contenuti. Il detentore del copyright e le informazioni sulla licenza per ciascun manoscritto sono visualizzati sotto l&#8217;abstract, nella sezione <strong>Info<\/strong>.<\/p>\n\n\n\n<p><strong>Quali formati di file sono accettabili quando invio il mio manoscritto?<\/strong><\/p>\n\n\n\n<p>Gli autori possono inviare un singolo file PDF a E&amp;P Repository. Gli autori devono convertire i file TeX (incluso LaTeX) in PDF prima dell&#8217;invio. Se al PDF si affiancano i file dei materiali supplementari, occorre caricare tutti i file in una unica cartella compressa. I file supplementari vengono pubblicati &#8220;cos\u00ec come sono&#8221; e possono essere inviati in una vasta gamma di formati.<\/p>\n\n\n\n<p><strong>Posso inviare a E&amp;P Repository <strong>un manoscritto<\/strong><\/strong> <strong>che ho inviato a una rivista scientifica?<\/strong><\/p>\n\n\n\n<p>Un manoscritto deve essere inviato a E&amp;P Repository<strong> prima di essere accettato<\/strong> da una rivista. Se un manoscritto \u00e8 stato inviato a una rivista ma non \u00e8 stato ancora accettato per la pubblicazione, pu\u00f2 essere inviato a E&amp;P Repository.<\/p>\n\n\n\n<p><strong>Posso inviare un manoscritto a E&amp;P Repository e ad un altro server di pre-print?<\/strong><\/p>\n\n\n\n<p>Si consiglia di pubblicare una pre-print in un solo repository per non rendere  difficile calcolare le metriche e perch\u00e9 \u00e8 frustrante per i lettori.<\/p>\n\n\n\n<p><strong>Posso rimuovere un manoscritto che \u00e8 stato pubblicato su E&amp;P Repository ?<\/strong><\/p>\n\n\n\n<p>No. I manoscritti pubblicati su E&amp;P Repository ricevono un codice univoco, sono citabili e fanno parte della documentazione scientifica. Sono indicizzati da servizi come Google Scholar, creando una presenza digitale permanente indipendente dai record di E&amp;P Repository . Di conseguenza, la politica di E&amp;P Repository \u00e8 che i manoscritti non possono essere rimossi. Tuttavia, gli autori possono avere il loro manoscritto contrassegnato come &#8220;Ritirato&#8221; se non sostengono pi\u00f9 i loro risultati \/conclusioni o riconoscono errori fondamentali nel manoscritto. In questi casi, nella pagina del manoscritto di E&amp;P Repository viene pubblicata una dichiarazione che spiega il motivo del ritiro.<\/p>\n\n\n\n<p><strong>Posso apportare revisioni al mio manoscritto?<\/strong><\/p>\n\n\n\n<p>Un manoscritto pubblicato su E&amp;P Repository pu\u00f2 essere aggiornato in qualsiasi momento fino a quando non viene accettato per la pubblicazione in una rivista scientifica. Si noti, tuttavia, che alcune riviste richiedono che gli autori non pubblichino altrove versioni includenti le modifiche apportate in risposta ai commenti dei revisori.<\/p>\n\n\n\n<p><strong>Come posso correggere gli errori nel mio preprint?<\/strong><\/p>\n\n\n\n<p>Per correggere gli errori nel testo pubblicato su E&amp;P Repository o nel file supplementare, si prega di inviare una versione rivista del manoscritto.<\/p>\n\n\n\n<p><strong>In che modo il pre-print depositato su E&amp;P Repository pu\u00f2 essere collegato all\u2019articolo quando viene pubblicato da una rivista scientifica?<\/strong><\/p>\n\n\n\n<p>Gli autori possono informare E&amp;P Repository dell\u2019avvenuta pubblicazione. E&amp;P Repository collegher\u00e0 il manoscritto al DOI riguardante l\u2019articolo pubblicato.<\/p>\n\n\n\n<p><strong>Posso commentare un manoscritto di E&amp;P Repository?<\/strong><\/p>\n\n\n\n<p>Puoi commentare nell\u2019apposita area posta sotto ogni articolo.<\/p>\n\n\n\n<p><strong>I contenuti di E&amp;P Repository rimarranno permanentemente accessibili e utilizzabili in futuro?<\/strong><\/p>\n\n\n\n<p>S\u00ec, tutti i documenti E&amp;P Repository sono archiviati sul server di Epidemiologia &amp; Prevenzione.<\/p>\n\n\n\n<p><strong>Come posso citare un pre-print di E&amp;P Repository?<\/strong><\/p>\n\n\n\n<p>I pre-print depositati in E&amp;P Repository devono essere citati utilizzando il loro E&amp;PCode (codice di identificazione) (es. repo.epiprev.it\/xyz). Il codice \u00e8 riportato accanto al titolo dell\u2019articolo e alla data di pubblicazione.<\/p>\n\n\n\n<p>Esempio: autore AN, autore BT. 2019. Titolo del mio articolo. E&amp;P Repository E&amp;P Code:repo.epiprev.it\/xyz<\/p>\n","protected":false},"excerpt":{"rendered":"<p>I manoscritti presenti nel Repository di E&amp;P sono stati sottoposti a peer review? I manoscritti inviati al Repository non sono stati sottoposti a revisioni tra pari (peer review), non sono stati editati o impaginati prima di essere pubblicati online. Gli invii al Repository di E&amp;P vengono vagliati prima della pubblicazione? Tutti i manoscritti vengono sottoposti a screening per evitare casi di plagio, contenuto non scientifico, tipi di articoli inappropriati e<\/p>\n","protected":false},"author":3,"featured_media":0,"parent":0,"menu_order":0,"comment_status":"closed","ping_status":"closed","template":"","meta":{"footnotes":""},"class_list":["post-630","page","type-page","status-publish","hentry","comments-off"],"yoast_head":"<!-- This site is optimized with the Yoast SEO plugin v27.0 - https:\/\/yoast.com\/product\/yoast-seo-wordpress\/ -->\n<title>FAQ - E&amp;P Repository<\/title>\n<meta name=\"robots\" content=\"index, follow, max-snippet:-1, max-image-preview:large, max-video-preview:-1\" \/>\n<link rel=\"canonical\" href=\"https:\/\/repo.epiprev.it\/index.php\/faq\/\" \/>\n<meta property=\"og:locale\" content=\"it_IT\" \/>\n<meta property=\"og:type\" content=\"article\" \/>\n<meta property=\"og:title\" content=\"FAQ - E&amp;P Repository\" \/>\n<meta property=\"og:description\" content=\"I manoscritti presenti nel Repository di E&amp;P sono stati sottoposti a peer review? I manoscritti inviati al Repository non sono stati sottoposti a revisioni tra pari (peer review), non sono stati editati o impaginati prima di essere pubblicati online. Gli invii al Repository di E&amp;P vengono vagliati prima della pubblicazione? Tutti i manoscritti vengono sottoposti a screening per evitare casi di plagio, contenuto non scientifico, tipi di articoli inappropriati e\" \/>\n<meta property=\"og:url\" content=\"https:\/\/repo.epiprev.it\/index.php\/faq\/\" \/>\n<meta property=\"og:site_name\" content=\"E&amp;P Repository\" \/>\n<meta property=\"article:publisher\" content=\"https:\/\/www.facebook.com\/epiprev\/\" \/>\n<meta property=\"article:modified_time\" content=\"2020-06-21T15:20:08+00:00\" \/>\n<meta name=\"twitter:card\" content=\"summary_large_image\" \/>\n<meta name=\"twitter:label1\" content=\"Tempo di lettura stimato\" \/>\n\t<meta name=\"twitter:data1\" content=\"7 minuti\" \/>\n<script type=\"application\/ld+json\" class=\"yoast-schema-graph\">{\"@context\":\"https:\/\/schema.org\",\"@graph\":[{\"@type\":\"WebPage\",\"@id\":\"https:\/\/repo.epiprev.it\/index.php\/faq\/\",\"url\":\"https:\/\/repo.epiprev.it\/index.php\/faq\/\",\"name\":\"FAQ - E&amp;P Repository\",\"isPartOf\":{\"@id\":\"https:\/\/repo.epiprev.it\/#website\"},\"datePublished\":\"2020-04-02T08:24:12+00:00\",\"dateModified\":\"2020-06-21T15:20:08+00:00\",\"breadcrumb\":{\"@id\":\"https:\/\/repo.epiprev.it\/index.php\/faq\/#breadcrumb\"},\"inLanguage\":\"it-IT\",\"potentialAction\":[{\"@type\":\"ReadAction\",\"target\":[\"https:\/\/repo.epiprev.it\/index.php\/faq\/\"]}]},{\"@type\":\"BreadcrumbList\",\"@id\":\"https:\/\/repo.epiprev.it\/index.php\/faq\/#breadcrumb\",\"itemListElement\":[{\"@type\":\"ListItem\",\"position\":1,\"name\":\"Home\",\"item\":\"https:\/\/repo.epiprev.it\/\"},{\"@type\":\"ListItem\",\"position\":2,\"name\":\"FAQ\"}]},{\"@type\":\"WebSite\",\"@id\":\"https:\/\/repo.epiprev.it\/#website\",\"url\":\"https:\/\/repo.epiprev.it\/\",\"name\":\"E&amp;P Repository\",\"description\":\"- RIVISTA DELL&#039;ASSOCIAZIONE ITALIANA DI EPIDEMIOLOGIA\",\"publisher\":{\"@id\":\"https:\/\/repo.epiprev.it\/#organization\"},\"potentialAction\":[{\"@type\":\"SearchAction\",\"target\":{\"@type\":\"EntryPoint\",\"urlTemplate\":\"https:\/\/repo.epiprev.it\/?s={search_term_string}\"},\"query-input\":{\"@type\":\"PropertyValueSpecification\",\"valueRequired\":true,\"valueName\":\"search_term_string\"}}],\"inLanguage\":\"it-IT\"},{\"@type\":\"Organization\",\"@id\":\"https:\/\/repo.epiprev.it\/#organization\",\"name\":\"Rivista Epiprev\",\"url\":\"https:\/\/repo.epiprev.it\/\",\"logo\":{\"@type\":\"ImageObject\",\"inLanguage\":\"it-IT\",\"@id\":\"https:\/\/repo.epiprev.it\/#\/schema\/logo\/image\/\",\"url\":\"\",\"contentUrl\":\"\",\"caption\":\"Rivista Epiprev\"},\"image\":{\"@id\":\"https:\/\/repo.epiprev.it\/#\/schema\/logo\/image\/\"},\"sameAs\":[\"https:\/\/www.facebook.com\/epiprev\/\"]}]}<\/script>\n<!-- \/ Yoast SEO plugin. -->","yoast_head_json":{"title":"FAQ - E&amp;P Repository","robots":{"index":"index","follow":"follow","max-snippet":"max-snippet:-1","max-image-preview":"max-image-preview:large","max-video-preview":"max-video-preview:-1"},"canonical":"https:\/\/repo.epiprev.it\/index.php\/faq\/","og_locale":"it_IT","og_type":"article","og_title":"FAQ - E&amp;P Repository","og_description":"I manoscritti presenti nel Repository di E&amp;P sono stati sottoposti a peer review? I manoscritti inviati al Repository non sono stati sottoposti a revisioni tra pari (peer review), non sono stati editati o impaginati prima di essere pubblicati online. Gli invii al Repository di E&amp;P vengono vagliati prima della pubblicazione? Tutti i manoscritti vengono sottoposti a screening per evitare casi di plagio, contenuto non scientifico, tipi di articoli inappropriati e","og_url":"https:\/\/repo.epiprev.it\/index.php\/faq\/","og_site_name":"E&amp;P Repository","article_publisher":"https:\/\/www.facebook.com\/epiprev\/","article_modified_time":"2020-06-21T15:20:08+00:00","twitter_card":"summary_large_image","twitter_misc":{"Tempo di lettura stimato":"7 minuti"},"schema":{"@context":"https:\/\/schema.org","@graph":[{"@type":"WebPage","@id":"https:\/\/repo.epiprev.it\/index.php\/faq\/","url":"https:\/\/repo.epiprev.it\/index.php\/faq\/","name":"FAQ - E&amp;P Repository","isPartOf":{"@id":"https:\/\/repo.epiprev.it\/#website"},"datePublished":"2020-04-02T08:24:12+00:00","dateModified":"2020-06-21T15:20:08+00:00","breadcrumb":{"@id":"https:\/\/repo.epiprev.it\/index.php\/faq\/#breadcrumb"},"inLanguage":"it-IT","potentialAction":[{"@type":"ReadAction","target":["https:\/\/repo.epiprev.it\/index.php\/faq\/"]}]},{"@type":"BreadcrumbList","@id":"https:\/\/repo.epiprev.it\/index.php\/faq\/#breadcrumb","itemListElement":[{"@type":"ListItem","position":1,"name":"Home","item":"https:\/\/repo.epiprev.it\/"},{"@type":"ListItem","position":2,"name":"FAQ"}]},{"@type":"WebSite","@id":"https:\/\/repo.epiprev.it\/#website","url":"https:\/\/repo.epiprev.it\/","name":"E&amp;P Repository","description":"- RIVISTA DELL&#039;ASSOCIAZIONE ITALIANA DI EPIDEMIOLOGIA","publisher":{"@id":"https:\/\/repo.epiprev.it\/#organization"},"potentialAction":[{"@type":"SearchAction","target":{"@type":"EntryPoint","urlTemplate":"https:\/\/repo.epiprev.it\/?s={search_term_string}"},"query-input":{"@type":"PropertyValueSpecification","valueRequired":true,"valueName":"search_term_string"}}],"inLanguage":"it-IT"},{"@type":"Organization","@id":"https:\/\/repo.epiprev.it\/#organization","name":"Rivista Epiprev","url":"https:\/\/repo.epiprev.it\/","logo":{"@type":"ImageObject","inLanguage":"it-IT","@id":"https:\/\/repo.epiprev.it\/#\/schema\/logo\/image\/","url":"","contentUrl":"","caption":"Rivista Epiprev"},"image":{"@id":"https:\/\/repo.epiprev.it\/#\/schema\/logo\/image\/"},"sameAs":["https:\/\/www.facebook.com\/epiprev\/"]}]}},"_links":{"self":[{"href":"https:\/\/repo.epiprev.it\/index.php\/wp-json\/wp\/v2\/pages\/630","targetHints":{"allow":["GET"]}}],"collection":[{"href":"https:\/\/repo.epiprev.it\/index.php\/wp-json\/wp\/v2\/pages"}],"about":[{"href":"https:\/\/repo.epiprev.it\/index.php\/wp-json\/wp\/v2\/types\/page"}],"author":[{"embeddable":true,"href":"https:\/\/repo.epiprev.it\/index.php\/wp-json\/wp\/v2\/users\/3"}],"replies":[{"embeddable":true,"href":"https:\/\/repo.epiprev.it\/index.php\/wp-json\/wp\/v2\/comments?post=630"}],"version-history":[{"count":17,"href":"https:\/\/repo.epiprev.it\/index.php\/wp-json\/wp\/v2\/pages\/630\/revisions"}],"predecessor-version":[{"id":1866,"href":"https:\/\/repo.epiprev.it\/index.php\/wp-json\/wp\/v2\/pages\/630\/revisions\/1866"}],"wp:attachment":[{"href":"https:\/\/repo.epiprev.it\/index.php\/wp-json\/wp\/v2\/media?parent=630"}],"curies":[{"name":"wp","href":"https:\/\/api.w.org\/{rel}","templated":true}]}}